{"id":2881,"date":"2023-05-07T16:09:17","date_gmt":"2023-05-07T16:09:17","guid":{"rendered":"https:\/\/volcanospanishschool.com\/pl\/?page_id=2881"},"modified":"2023-05-07T16:11:55","modified_gmt":"2023-05-07T16:11:55","slug":"spanish-lesson-booking","status":"publish","type":"page","link":"https:\/\/volcanospanishschool.com\/pl\/spanish-lesson-booking\/","title":{"rendered":"Spanish lesson booking"},"content":{"rendered":"\t\t<div data-elementor-type=\"wp-page\" data-elementor-id=\"2881\" class=\"elementor elementor-2881\">\n\t\t\t\t\t\t<div class=\"elementor-inner\">\n\t\t\t\t<div class=\"elementor-section-wrap\">\n\t\t\t\t\t\t\t\t\t<section class=\"elementor-section elementor-top-section elementor-element elementor-element-043e98b elementor-section-boxed elementor-section-height-default elementor-section-height-default\" data-id=\"043e98b\" data-element_type=\"section\">\n\t\t\t\t\t\t<div class=\"elementor-container elementor-column-gap-extended\">\n\t\t\t\t\t\t\t<div class=\"elementor-row\">\n\t\t\t\t\t<div class=\"elementor-column elementor-col-16 elementor-top-column elementor-element elementor-element-58b59f1 sc_layouts_column_icons_position_left\" data-id=\"58b59f1\" data-element_type=\"column\">\n\t\t\t<div class=\"elementor-column-wrap\">\n\t\t\t\t\t\t\t<div class=\"elementor-widget-wrap\">\n\t\t\t\t\t\t\t\t<\/div>\n\t\t\t\t\t<\/div>\n\t\t<\/div>\n\t\t\t\t<div class=\"elementor-column elementor-col-66 elementor-top-column elementor-element elementor-element-2ff2165 sc_layouts_column_icons_position_left\" data-id=\"2ff2165\" data-element_type=\"column\">\n\t\t\t<div class=\"elementor-column-wrap elementor-element-populated\">\n\t\t\t\t\t\t\t<div class=\"elementor-widget-wrap\">\n\t\t\t\t\t\t<div class=\"elementor-element elementor-element-304d4c84 sc_fly_static elementor-widget elementor-widget-text-editor\" data-id=\"304d4c84\" data-element_type=\"widget\" data-widget_type=\"text-editor.default\">\n\t\t\t\t<div class=\"elementor-widget-container\">\n\t\t\t\t\t\t\t\t<div class=\"elementor-text-editor elementor-clearfix\">\n\t\t\t\t<!-- wp:contact-form-7\/contact-form-selector {\"id\":2660,\"title\":\"Spanish Lessons Booking\"} -->\n<div class=\"wp-block-contact-form-7-contact-form-selector\">\n<div class=\"wpcf7 no-js\" id=\"wpcf7-f2660-o1\" lang=\"en-US\" dir=\"ltr\">\n<div class=\"screen-reader-response\"><p role=\"status\" aria-live=\"polite\" aria-atomic=\"true\"><\/p> <ul><\/ul><\/div>\n<form action=\"\/pl\/wp-json\/wp\/v2\/pages\/2881#wpcf7-f2660-o1\" method=\"post\" class=\"wpcf7-form init\" aria-label=\"Contact form\" novalidate=\"novalidate\" data-status=\"init\">\n<div style=\"display: none;\">\n<input type=\"hidden\" name=\"_wpcf7\" value=\"2660\" \/>\n<input type=\"hidden\" name=\"_wpcf7_version\" value=\"5.7.6\" \/>\n<input type=\"hidden\" name=\"_wpcf7_locale\" value=\"en_US\" \/>\n<input type=\"hidden\" name=\"_wpcf7_unit_tag\" value=\"wpcf7-f2660-o1\" \/>\n<input type=\"hidden\" name=\"_wpcf7_container_post\" value=\"0\" \/>\n<input type=\"hidden\" name=\"_wpcf7_posted_data_hash\" value=\"\" \/>\n<\/div>\n<p><label> Wybierz jedn\u0105 z naszych opcji:<br \/>\n<span class=\"wpcf7-form-control-wrap\" data-name=\"your-lesson-type\"><select class=\"wpcf7-form-control wpcf7-select wpcf7-validates-as-required\" aria-required=\"true\" aria-invalid=\"false\" name=\"your-lesson-type\"><option value=\"\">&#8212;Please choose an option&#8212;<\/option><option value=\"Lekcje Indywidualne 20 h\/tyg\">Lekcje Indywidualne 20 h\/tyg<\/option><option value=\"Lekcje Grupowe 20 h\/tyg\">Lekcje Grupowe 20 h\/tyg<\/option><option value=\"Hiszpa\u0144ski 10 h\/tyg\">Hiszpa\u0144ski 10 h\/tyg<\/option><option value=\"Super Intensywny Hiszpa\u0144ski 30 h\/tyg\">Super Intensywny Hiszpa\u0144ski 30 h\/tyg<\/option><option value=\"Hiszpa\u0144ski &amp; Salsa 25 h\/tyg\">Hiszpa\u0144ski &amp; Salsa 25 h\/tyg<\/option><option value=\"Tylko lekcje salsy 5 h\/tyg\">Tylko lekcje salsy 5 h\/tyg<\/option><\/select><\/span><br \/>\n<\/label>\n<\/p>\n<p><label> *Je\u015bli potrzebujesz spersonalizowanych lekcji, prosz\u0119 wspomnij o tym w komentarzu.<br \/>\n<span class=\"wpcf7-form-control-wrap\" data-name=\"your-lesson-type-comments\"><textarea cols=\"40\" rows=\"10\" class=\"wpcf7-form-control wpcf7-textarea\" aria-invalid=\"false\" name=\"your-lesson-type-comments\"><\/textarea><\/span><br \/>\n<\/label>\n<\/p>\n<p><label> Imi\u0119<br \/>\n<span class=\"wpcf7-form-control-wrap\" data-name=\"your-first-name\"><input size=\"40\" class=\"wpcf7-form-control wpcf7-text wpcf7-validates-as-required\" autocomplete=\"name\" aria-required=\"true\" aria-invalid=\"false\" value=\"\" type=\"text\" name=\"your-first-name\" \/><\/span><br \/>\n<\/label>\n<\/p>\n<p><label> Nazwisko<br \/>\n<span class=\"wpcf7-form-control-wrap\" data-name=\"your-last-name\"><input size=\"40\" class=\"wpcf7-form-control wpcf7-text wpcf7-validates-as-required\" autocomplete=\"name\" aria-required=\"true\" aria-invalid=\"false\" value=\"\" type=\"text\" name=\"your-last-name\" \/><\/span><br \/>\n<\/label>\n<\/p>\n<p><label> Email<br \/>\n<span class=\"wpcf7-form-control-wrap\" data-name=\"your-email\"><input size=\"40\" class=\"wpcf7-form-control wpcf7-text wpcf7-email wpcf7-validates-as-required wpcf7-validates-as-email\" autocomplete=\"email\" aria-required=\"true\" aria-invalid=\"false\" value=\"\" type=\"email\" name=\"your-email\" \/><\/span><br \/>\n<\/label>\n<\/p>\n<p><label> P\u0142e\u0107<br \/>\n<span class=\"wpcf7-form-control-wrap\" data-name=\"your-sex\"><select class=\"wpcf7-form-control wpcf7-select\" aria-invalid=\"false\" name=\"your-sex\"><option value=\"\">&#8212;Please choose an option&#8212;<\/option><option value=\"Wol\u0119 nie m\u00f3wi\u0107\">Wol\u0119 nie m\u00f3wi\u0107<\/option><option value=\"Kobieta\">Kobieta<\/option><option value=\"M\u0119\u017cczyzna\">M\u0119\u017cczyzna<\/option><\/select><\/span><br \/>\n<\/label>\n<\/p>\n<p><label> Narodowo\u015b\u0107<br \/>\n<span class=\"wpcf7-form-control-wrap\" data-name=\"your-nationality\"><input size=\"40\" class=\"wpcf7-form-control wpcf7-text\" aria-invalid=\"false\" value=\"\" type=\"text\" name=\"your-nationality\" \/><\/span><br \/>\n<\/label>\n<\/p>\n<p><label> Data urodzenia<br \/>\n<span class=\"wpcf7-form-control-wrap\" data-name=\"your-dob\"><input class=\"wpcf7-form-control wpcf7-date wpcf7-validates-as-required wpcf7-validates-as-date\" aria-required=\"true\" aria-invalid=\"false\" value=\"\" type=\"date\" name=\"your-dob\" \/><\/span><br \/>\n<\/label>\n<\/p>\n<p><label> Numer telefonu<br \/>\n<span class=\"wpcf7-form-control-wrap\" data-name=\"your-mobile\"><input size=\"40\" class=\"wpcf7-form-control wpcf7-text\" aria-invalid=\"false\" value=\"\" type=\"text\" name=\"your-mobile\" \/><\/span><br \/>\n<\/label>\n<\/p>\n<p><label> Numer ratunkowy<br \/>\n<span class=\"wpcf7-form-control-wrap\" data-name=\"your-emergency\"><input size=\"40\" class=\"wpcf7-form-control wpcf7-text\" aria-invalid=\"false\" value=\"\" type=\"text\" name=\"your-emergency\" \/><\/span><br \/>\n<\/label>\n<\/p>\n<p><label> Szacowany poziom<br \/>\n<span class=\"wpcf7-form-control-wrap\" data-name=\"estimated-level\"><select class=\"wpcf7-form-control wpcf7-select wpcf7-validates-as-required\" aria-required=\"true\" aria-invalid=\"false\" name=\"estimated-level\"><option value=\"\">&#8212;Please choose an option&#8212;<\/option><option value=\"A1. Pre \u2013 Podstawowy. (Nie mam \u017cadnej wiedzy)\">A1. Pre \u2013 Podstawowy. (Nie mam \u017cadnej wiedzy)<\/option><option value=\"A1. Podstawowy I (Troszk\u0119 wiem, ale nie uczy\u0142em si\u0119 hiszpa\u0144skiego wcze\u015bniej)\">A1. Podstawowy I (Troszk\u0119 wiem, ale nie uczy\u0142em si\u0119 hiszpa\u0144skiego wcze\u015bniej)<\/option><option value=\"A1. Podstawowy II (Uczy\u0142em si\u0119 przez jaki\u015b czas, ale wci\u0105\u017c jestem osob\u0105 pocz\u0105tkuj\u0105c\u0105)\">A1. Podstawowy II (Uczy\u0142em si\u0119 przez jaki\u015b czas, ale wci\u0105\u017c jestem osob\u0105 pocz\u0105tkuj\u0105c\u0105)<\/option><option value=\"A1. Podstawowy II (Umiem rozmawia\u0107 u\u017cywaj\u0105c prostych zda\u0144 w czasie tera\u017aniejszym)\u2028\">A1. Podstawowy II (Umiem rozmawia\u0107 u\u017cywaj\u0105c prostych zda\u0144 w czasie tera\u017aniejszym)\u2028<\/option><option value=\"B1. \u015aredniozaawansowany I\">B1. \u015aredniozaawansowany I<\/option><option value=\"B1. \u015aredniozaawansowany II\">B1. \u015aredniozaawansowany II<\/option><option value=\"C. Zaawansowany\">C. Zaawansowany<\/option><\/select><\/span><br \/>\n<\/label>\n<\/p>\n<p><label> Je\u017celi uczy\u0142e\u015b si\u0119 wcze\u015bniej j\u0119zyka hiszpa\u0144skiego, napisz gdzie i jak d\u0142ugo<br \/>\n<span class=\"wpcf7-form-control-wrap\" data-name=\"estimated-level-comments\"><textarea cols=\"40\" rows=\"10\" class=\"wpcf7-form-control wpcf7-textarea\" aria-invalid=\"false\" name=\"estimated-level-comments\"><\/textarea><\/span><br \/>\n<\/label>\n<\/p>\n<p><label> Data startu<br \/>\n<span class=\"wpcf7-form-control-wrap\" data-name=\"starting-date\"><input class=\"wpcf7-form-control wpcf7-date wpcf7-validates-as-required wpcf7-validates-as-date\" aria-required=\"true\" aria-invalid=\"false\" value=\"\" type=\"date\" name=\"starting-date\" \/><\/span><br \/>\n<\/label>\n<\/p>\n<p><label> Liczba tygodni<br \/>\n<span class=\"wpcf7-form-control-wrap\" data-name=\"number-of-weeks\"><input class=\"wpcf7-form-control wpcf7-number wpcf7-validates-as-number\" min=\"1\" max=\"48\" aria-invalid=\"false\" value=\"1\" type=\"number\" name=\"number-of-weeks\" \/><\/span><br \/>\n<\/label>\n<\/p>\n<p><label>Czy jeste\u015b wegetarianinem?<\/label><br \/>\n<span class=\"wpcf7-form-control-wrap\" data-name=\"vegetarian\"><span class=\"wpcf7-form-control wpcf7-checkbox wpcf7-exclusive-checkbox\"><span class=\"wpcf7-list-item first\"><label><input type=\"checkbox\" name=\"vegetarian\" value=\"Tak\" \/><span class=\"wpcf7-list-item-label\">Tak<\/span><\/label><\/span><span class=\"wpcf7-list-item last\"><label><input type=\"checkbox\" name=\"vegetarian\" value=\"Nie\" \/><span class=\"wpcf7-list-item-label\">Nie<\/span><\/label><\/span><\/span><\/span>\n<\/p>\n<p><label> Sk\u0105d dowiedzia\u0142e\u015b si\u0119 o Volcano?<br \/>\n<span class=\"wpcf7-form-control-wrap\" data-name=\"how-you-find-us\"><select class=\"wpcf7-form-control wpcf7-select\" aria-invalid=\"false\" name=\"how-you-find-us\"><option value=\"\">&#8212;Please choose an option&#8212;<\/option><option value=\"Jestem by\u0142ym uczniem\">Jestem by\u0142ym uczniem<\/option><option value=\"Od by\u0142ego ucznia\">Od by\u0142ego ucznia<\/option><option value=\"Google\">Google<\/option><option value=\"Social media\">Social media<\/option><option value=\"Inne\">Inne<\/option><\/select><\/span><br \/>\n<\/label>\n<\/p>\n<p><label>Podr\u00f3\u017cuj\u0119&#8230;<\/label><br \/>\n<span class=\"wpcf7-form-control-wrap\" data-name=\"traveling\"><span class=\"wpcf7-form-control wpcf7-checkbox wpcf7-exclusive-checkbox\"><span class=\"wpcf7-list-item first\"><label><input type=\"checkbox\" name=\"traveling\" value=\"Samotnie\" \/><span class=\"wpcf7-list-item-label\">Samotnie<\/span><\/label><\/span><span class=\"wpcf7-list-item last\"><label><input type=\"checkbox\" name=\"traveling\" value=\"Z inn\u0105 osob\u0105\/osobami\" \/><span class=\"wpcf7-list-item-label\">Z inn\u0105 osob\u0105\/osobami<\/span><\/label><\/span><\/span><\/span>\n<\/p>\n<p><label>Potrzebujesz odebrania z lotniska w Arequipie?<\/label><br \/>\n<span class=\"wpcf7-form-control-wrap\" data-name=\"airport\"><span class=\"wpcf7-form-control wpcf7-checkbox\"><span class=\"wpcf7-list-item first\"><label><input type=\"checkbox\" name=\"airport[]\" value=\"Nie\" checked=\"checked\" \/><span class=\"wpcf7-list-item-label\">Nie<\/span><\/label><\/span><span class=\"wpcf7-list-item last\"><label><input type=\"checkbox\" name=\"airport[]\" value=\"Tak\" \/><span class=\"wpcf7-list-item-label\">Tak<\/span><\/label><\/span><\/span><\/span>\n<\/p>\n<p><input class=\"wpcf7-form-control has-spinner wpcf7-submit\" type=\"submit\" value=\"Potwierd\u017a\" \/>\n<\/p><div class=\"wpcf7-response-output\" aria-hidden=\"true\"><\/div>\n<\/form>\n<\/div>\n<\/div>\n<!-- \/wp:contact-form-7\/contact-form-selector -->\t\t\t\t\t<\/div>\n\t\t\t\t\t\t<\/div>\n\t\t\t\t<\/div>\n\t\t\t\t\t\t<\/div>\n\t\t\t\t\t<\/div>\n\t\t<\/div>\n\t\t\t\t<div class=\"elementor-column elementor-col-16 elementor-top-column elementor-element elementor-element-0a83ca4 sc_layouts_column_icons_position_left\" data-id=\"0a83ca4\" data-element_type=\"column\">\n\t\t\t<div class=\"elementor-column-wrap\">\n\t\t\t\t\t\t\t<div class=\"elementor-widget-wrap\">\n\t\t\t\t\t\t\t\t<\/div>\n\t\t\t\t\t<\/div>\n\t\t<\/div>\n\t\t\t\t\t\t\t\t<\/div>\n\t\t\t\t\t<\/div>\n\t\t<\/section>\n\t\t\t\t\t\t\t\t\t<\/div>\n\t\t\t<\/div>\n\t\t\t\t\t<\/div>\n\t\t","protected":false},"excerpt":{"rendered":"","protected":false},"author":2,"featured_media":0,"parent":0,"menu_order":0,"comment_status":"closed","ping_status":"closed","template":"","meta":{"_themeisle_gutenberg_block_has_review":false,"_ti_tpc_template_sync":false,"_ti_tpc_template_id":"","footnotes":""},"class_list":["post-2881","page","type-page","status-publish","hentry"],"yoast_head":"<!-- This site is optimized with the Yoast SEO plugin v24.5 - https:\/\/yoast.com\/wordpress\/plugins\/seo\/ -->\n<title>Spanish lesson booking - Volcano Spanish School PL<\/title>\n<meta name=\"robots\" content=\"noindex, follow, max-snippet:-1, max-image-preview:large, max-video-preview:-1\" \/>\n<meta property=\"og:locale\" content=\"pl_PL\" \/>\n<meta property=\"og:type\" content=\"article\" \/>\n<meta property=\"og:title\" content=\"Spanish lesson booking - Volcano Spanish School PL\" \/>\n<meta property=\"og:url\" content=\"https:\/\/volcanospanishschool.com\/pl\/spanish-lesson-booking\/\" \/>\n<meta property=\"og:site_name\" content=\"Volcano Spanish School PL\" \/>\n<meta property=\"article:modified_time\" content=\"2023-05-07T16:11:55+00:00\" \/>\n<meta name=\"twitter:card\" content=\"summary_large_image\" \/>\n<script type=\"application\/ld+json\" class=\"yoast-schema-graph\">{\"@context\":\"https:\/\/schema.org\",\"@graph\":[{\"@type\":\"WebPage\",\"@id\":\"https:\/\/volcanospanishschool.com\/pl\/spanish-lesson-booking\/\",\"url\":\"https:\/\/volcanospanishschool.com\/pl\/spanish-lesson-booking\/\",\"name\":\"Spanish lesson booking - Volcano Spanish School PL\",\"isPartOf\":{\"@id\":\"https:\/\/volcanospanishschool.com\/pl\/#website\"},\"datePublished\":\"2023-05-07T16:09:17+00:00\",\"dateModified\":\"2023-05-07T16:11:55+00:00\",\"breadcrumb\":{\"@id\":\"https:\/\/volcanospanishschool.com\/pl\/spanish-lesson-booking\/#breadcrumb\"},\"inLanguage\":\"pl-PL\",\"potentialAction\":[{\"@type\":\"ReadAction\",\"target\":[\"https:\/\/volcanospanishschool.com\/pl\/spanish-lesson-booking\/\"]}]},{\"@type\":\"BreadcrumbList\",\"@id\":\"https:\/\/volcanospanishschool.com\/pl\/spanish-lesson-booking\/#breadcrumb\",\"itemListElement\":[{\"@type\":\"ListItem\",\"position\":1,\"name\":\"Home\",\"item\":\"https:\/\/volcanospanishschool.com\/pl\/\"},{\"@type\":\"ListItem\",\"position\":2,\"name\":\"Spanish lesson booking\"}]},{\"@type\":\"WebSite\",\"@id\":\"https:\/\/volcanospanishschool.com\/pl\/#website\",\"url\":\"https:\/\/volcanospanishschool.com\/pl\/\",\"name\":\"Volcano Spanish School PL\",\"description\":\"Volcano Spanish School, speak spanish, learn spanish, spanish lessons, Peru\",\"publisher\":{\"@id\":\"https:\/\/volcanospanishschool.com\/pl\/#organization\"},\"potentialAction\":[{\"@type\":\"SearchAction\",\"target\":{\"@type\":\"EntryPoint\",\"urlTemplate\":\"https:\/\/volcanospanishschool.com\/pl\/?s={search_term_string}\"},\"query-input\":{\"@type\":\"PropertyValueSpecification\",\"valueRequired\":true,\"valueName\":\"search_term_string\"}}],\"inLanguage\":\"pl-PL\"},{\"@type\":\"Organization\",\"@id\":\"https:\/\/volcanospanishschool.com\/pl\/#organization\",\"name\":\"Volcano Spanish School PL\",\"url\":\"https:\/\/volcanospanishschool.com\/pl\/\",\"logo\":{\"@type\":\"ImageObject\",\"inLanguage\":\"pl-PL\",\"@id\":\"https:\/\/volcanospanishschool.com\/pl\/#\/schema\/logo\/image\/\",\"url\":\"https:\/\/volcanospanishschool.com\/pl\/wp-content\/uploads\/sites\/5\/2018\/11\/cropped-cropped-volcano_spanish_school_logo_color.jpg\",\"contentUrl\":\"https:\/\/volcanospanishschool.com\/pl\/wp-content\/uploads\/sites\/5\/2018\/11\/cropped-cropped-volcano_spanish_school_logo_color.jpg\",\"width\":1919,\"height\":415,\"caption\":\"Volcano Spanish School PL\"},\"image\":{\"@id\":\"https:\/\/volcanospanishschool.com\/pl\/#\/schema\/logo\/image\/\"}}]}<\/script>\n<!-- \/ Yoast SEO plugin. -->","yoast_head_json":{"title":"Spanish lesson booking - Volcano Spanish School PL","robots":{"index":"noindex","follow":"follow","max-snippet":"max-snippet:-1","max-image-preview":"max-image-preview:large","max-video-preview":"max-video-preview:-1"},"og_locale":"pl_PL","og_type":"article","og_title":"Spanish lesson booking - Volcano Spanish School PL","og_url":"https:\/\/volcanospanishschool.com\/pl\/spanish-lesson-booking\/","og_site_name":"Volcano Spanish School PL","article_modified_time":"2023-05-07T16:11:55+00:00","twitter_card":"summary_large_image","schema":{"@context":"https:\/\/schema.org","@graph":[{"@type":"WebPage","@id":"https:\/\/volcanospanishschool.com\/pl\/spanish-lesson-booking\/","url":"https:\/\/volcanospanishschool.com\/pl\/spanish-lesson-booking\/","name":"Spanish lesson booking - Volcano Spanish School PL","isPartOf":{"@id":"https:\/\/volcanospanishschool.com\/pl\/#website"},"datePublished":"2023-05-07T16:09:17+00:00","dateModified":"2023-05-07T16:11:55+00:00","breadcrumb":{"@id":"https:\/\/volcanospanishschool.com\/pl\/spanish-lesson-booking\/#breadcrumb"},"inLanguage":"pl-PL","potentialAction":[{"@type":"ReadAction","target":["https:\/\/volcanospanishschool.com\/pl\/spanish-lesson-booking\/"]}]},{"@type":"BreadcrumbList","@id":"https:\/\/volcanospanishschool.com\/pl\/spanish-lesson-booking\/#breadcrumb","itemListElement":[{"@type":"ListItem","position":1,"name":"Home","item":"https:\/\/volcanospanishschool.com\/pl\/"},{"@type":"ListItem","position":2,"name":"Spanish lesson booking"}]},{"@type":"WebSite","@id":"https:\/\/volcanospanishschool.com\/pl\/#website","url":"https:\/\/volcanospanishschool.com\/pl\/","name":"Volcano Spanish School PL","description":"Volcano Spanish School, speak spanish, learn spanish, spanish lessons, Peru","publisher":{"@id":"https:\/\/volcanospanishschool.com\/pl\/#organization"},"potentialAction":[{"@type":"SearchAction","target":{"@type":"EntryPoint","urlTemplate":"https:\/\/volcanospanishschool.com\/pl\/?s={search_term_string}"},"query-input":{"@type":"PropertyValueSpecification","valueRequired":true,"valueName":"search_term_string"}}],"inLanguage":"pl-PL"},{"@type":"Organization","@id":"https:\/\/volcanospanishschool.com\/pl\/#organization","name":"Volcano Spanish School PL","url":"https:\/\/volcanospanishschool.com\/pl\/","logo":{"@type":"ImageObject","inLanguage":"pl-PL","@id":"https:\/\/volcanospanishschool.com\/pl\/#\/schema\/logo\/image\/","url":"https:\/\/volcanospanishschool.com\/pl\/wp-content\/uploads\/sites\/5\/2018\/11\/cropped-cropped-volcano_spanish_school_logo_color.jpg","contentUrl":"https:\/\/volcanospanishschool.com\/pl\/wp-content\/uploads\/sites\/5\/2018\/11\/cropped-cropped-volcano_spanish_school_logo_color.jpg","width":1919,"height":415,"caption":"Volcano Spanish School PL"},"image":{"@id":"https:\/\/volcanospanishschool.com\/pl\/#\/schema\/logo\/image\/"}}]}},"_links":{"self":[{"href":"https:\/\/volcanospanishschool.com\/pl\/wp-json\/wp\/v2\/pages\/2881","targetHints":{"allow":["GET"]}}],"collection":[{"href":"https:\/\/volcanospanishschool.com\/pl\/wp-json\/wp\/v2\/pages"}],"about":[{"href":"https:\/\/volcanospanishschool.com\/pl\/wp-json\/wp\/v2\/types\/page"}],"author":[{"embeddable":true,"href":"https:\/\/volcanospanishschool.com\/pl\/wp-json\/wp\/v2\/users\/2"}],"replies":[{"embeddable":true,"href":"https:\/\/volcanospanishschool.com\/pl\/wp-json\/wp\/v2\/comments?post=2881"}],"version-history":[{"count":11,"href":"https:\/\/volcanospanishschool.com\/pl\/wp-json\/wp\/v2\/pages\/2881\/revisions"}],"predecessor-version":[{"id":2892,"href":"https:\/\/volcanospanishschool.com\/pl\/wp-json\/wp\/v2\/pages\/2881\/revisions\/2892"}],"wp:attachment":[{"href":"https:\/\/volcanospanishschool.com\/pl\/wp-json\/wp\/v2\/media?parent=2881"}],"curies":[{"name":"wp","href":"https:\/\/api.w.org\/{rel}","templated":true}]}}