{"id":2881,"date":"2023-05-07T16:09:17","date_gmt":"2023-05-07T16:09:17","guid":{"rendered":"https:\/\/volcanospanishschool.com\/fr\/?page_id=2881"},"modified":"2023-08-30T14:52:02","modified_gmt":"2023-08-30T14:52:02","slug":"spanish-lesson-booking","status":"publish","type":"page","link":"https:\/\/volcanospanishschool.com\/fr\/spanish-lesson-booking\/","title":{"rendered":"Spanish lesson booking"},"content":{"rendered":"\n\n<div class=\"wpcf7 no-js\" id=\"wpcf7-f2660-o1\" lang=\"en-US\" dir=\"ltr\">\n<div class=\"screen-reader-response\"><p role=\"status\" aria-live=\"polite\" aria-atomic=\"true\"><\/p> <ul><\/ul><\/div>\n<form action=\"\/fr\/wp-json\/wp\/v2\/pages\/2881#wpcf7-f2660-o1\" method=\"post\" class=\"wpcf7-form init\" aria-label=\"Contact form\" novalidate=\"novalidate\" data-status=\"init\">\n<div style=\"display: none;\">\n<input type=\"hidden\" name=\"_wpcf7\" value=\"2660\" \/>\n<input type=\"hidden\" name=\"_wpcf7_version\" value=\"5.7.6\" \/>\n<input type=\"hidden\" name=\"_wpcf7_locale\" value=\"en_US\" \/>\n<input type=\"hidden\" name=\"_wpcf7_unit_tag\" value=\"wpcf7-f2660-o1\" \/>\n<input type=\"hidden\" name=\"_wpcf7_container_post\" value=\"0\" \/>\n<input type=\"hidden\" name=\"_wpcf7_posted_data_hash\" value=\"\" \/>\n<\/div>\n<p><label> (fr) Type de cours d'espagnol<br \/>\n<span class=\"wpcf7-form-control-wrap\" data-name=\"your-lesson-type\"><select class=\"wpcf7-form-control wpcf7-select wpcf7-validates-as-required\" aria-required=\"true\" aria-invalid=\"false\" name=\"your-lesson-type\"><option value=\"\">&#8212;Please choose an option&#8212;<\/option><option value=\"Le\u00e7ons individuelles 20 h\/semaine\">Le\u00e7ons individuelles 20 h\/semaine<\/option><option value=\"Le\u00e7ons en groupe 20 h\/semaine\">Le\u00e7ons en groupe 20 h\/semaine<\/option><option value=\"Cours d&#039;espagnol \u00e0 temps partiel 10 h\/semaine\">Cours d&#039;espagnol \u00e0 temps partiel 10 h\/semaine<\/option><option value=\"Espagnol super intensif 30 h\/semaine\">Espagnol super intensif 30 h\/semaine<\/option><option value=\"Espagnol &amp; Salsa 25 h\/semaine\">Espagnol &amp; Salsa 25 h\/semaine<\/option><option value=\"Cours de Salsa uniquement 5 h\/semaine\">Cours de Salsa uniquement 5 h\/semaine<\/option><\/select><\/span><br \/>\n<\/label>\n<\/p>\n<p><label> *Si vous souhaitez un cours sp\u00e9cialis\u00e9, veuillez mentionner le cours dans les commentaires.<br \/>\n<span class=\"wpcf7-form-control-wrap\" data-name=\"your-lesson-type-comments\"><textarea cols=\"40\" rows=\"10\" class=\"wpcf7-form-control wpcf7-textarea\" aria-invalid=\"false\" name=\"your-lesson-type-comments\"><\/textarea><\/span><br \/>\n<\/label>\n<\/p>\n<p><label> Nom<br \/>\n<span class=\"wpcf7-form-control-wrap\" data-name=\"your-first-name\"><input size=\"40\" class=\"wpcf7-form-control wpcf7-text wpcf7-validates-as-required\" autocomplete=\"name\" aria-required=\"true\" aria-invalid=\"false\" value=\"\" type=\"text\" name=\"your-first-name\" \/><\/span><br \/>\n<\/label>\n<\/p>\n<p><label> Pr\u00e9nom<br \/>\n<span class=\"wpcf7-form-control-wrap\" data-name=\"your-last-name\"><input size=\"40\" class=\"wpcf7-form-control wpcf7-text wpcf7-validates-as-required\" autocomplete=\"name\" aria-required=\"true\" aria-invalid=\"false\" value=\"\" type=\"text\" name=\"your-last-name\" \/><\/span><br \/>\n<\/label>\n<\/p>\n<p><label> Adresse e-mail<br \/>\n<span class=\"wpcf7-form-control-wrap\" data-name=\"your-email\"><input size=\"40\" class=\"wpcf7-form-control wpcf7-text wpcf7-email wpcf7-validates-as-required wpcf7-validates-as-email\" autocomplete=\"email\" aria-required=\"true\" aria-invalid=\"false\" value=\"\" type=\"email\" name=\"your-email\" \/><\/span><br \/>\n<\/label>\n<\/p>\n<p><label> Sexe<br \/>\n<span class=\"wpcf7-form-control-wrap\" data-name=\"your-sex\"><select class=\"wpcf7-form-control wpcf7-select\" aria-invalid=\"false\" name=\"your-sex\"><option value=\"\">&#8212;Please choose an option&#8212;<\/option><option value=\"autre\">autre<\/option><option value=\"femme\">femme<\/option><option value=\"homme\">homme<\/option><\/select><\/span><br \/>\n<\/label>\n<\/p>\n<p><label> Nationalit\u00e9<br \/>\n<span class=\"wpcf7-form-control-wrap\" data-name=\"your-nationality\"><input size=\"40\" class=\"wpcf7-form-control wpcf7-text\" aria-invalid=\"false\" value=\"\" type=\"text\" name=\"your-nationality\" \/><\/span><br \/>\n<\/label>\n<\/p>\n<p><label> Date de naissance<br \/>\n<span class=\"wpcf7-form-control-wrap\" data-name=\"your-dob\"><input class=\"wpcf7-form-control wpcf7-date wpcf7-validates-as-required wpcf7-validates-as-date\" aria-required=\"true\" aria-invalid=\"false\" value=\"\" type=\"date\" name=\"your-dob\" \/><\/span><br \/>\n<\/label>\n<\/p>\n<p><label> T\u00e9l\u00e9phone<br \/>\n<span class=\"wpcf7-form-control-wrap\" data-name=\"your-mobile\"><input size=\"40\" class=\"wpcf7-form-control wpcf7-text\" aria-invalid=\"false\" value=\"\" type=\"text\" name=\"your-mobile\" \/><\/span><br \/>\n<\/label>\n<\/p>\n<p><label> Num\u00e9ro d'urgence<br \/>\n<span class=\"wpcf7-form-control-wrap\" data-name=\"your-emergency\"><input size=\"40\" class=\"wpcf7-form-control wpcf7-text\" aria-invalid=\"false\" value=\"\" type=\"text\" name=\"your-emergency\" \/><\/span><br \/>\n<\/label>\n<\/p>\n<p><label> Niveau de comp\u00e9tence linguistique<br \/>\n<span class=\"wpcf7-form-control-wrap\" data-name=\"estimated-level\"><select class=\"wpcf7-form-control wpcf7-select wpcf7-validates-as-required\" aria-required=\"true\" aria-invalid=\"false\" name=\"estimated-level\"><option value=\"\">&#8212;Please choose an option&#8212;<\/option><option value=\"A1. Pr\u00e9-basique (Je n&#039;ai aucune connaissance pr\u00e9alable)\">A1. Pr\u00e9-basique (Je n&#039;ai aucune connaissance pr\u00e9alable)<\/option><option value=\"A1. Basique I (Je connais un peu, mais je n&#039;ai pas \u00e9tudi\u00e9 auparavant)\">A1. Basique I (Je connais un peu, mais je n&#039;ai pas \u00e9tudi\u00e9 auparavant)<\/option><option value=\"A1. Basique II (J&#039;ai \u00e9tudi\u00e9 un peu, mais je suis encore d\u00e9butant)\">A1. Basique II (J&#039;ai \u00e9tudi\u00e9 un peu, mais je suis encore d\u00e9butant)<\/option><option value=\"A1. Basique II (Je comprends un peu et je parle des phrases simples au pr\u00e9sent)\">A1. Basique II (Je comprends un peu et je parle des phrases simples au pr\u00e9sent)<\/option><option value=\"B1. Interm\u00e9diaire I\">B1. Interm\u00e9diaire I<\/option><option value=\"B1. Interm\u00e9diaire II\">B1. Interm\u00e9diaire II<\/option><option value=\"C. Avanc\u00e9\">C. Avanc\u00e9<\/option><\/select><\/span><br \/>\n<\/label>\n<\/p>\n<p><label> Si vous avez \u00e9tudi\u00e9 l'espagnol auparavant, veuillez d\u00e9crire o\u00f9 et pendant combien de temps vous l'avez \u00e9tudi\u00e9<br \/>\n<span class=\"wpcf7-form-control-wrap\" data-name=\"estimated-level-comments\"><textarea cols=\"40\" rows=\"10\" class=\"wpcf7-form-control wpcf7-textarea\" aria-invalid=\"false\" name=\"estimated-level-comments\"><\/textarea><\/span><br \/>\n<\/label>\n<\/p>\n<p><label> Date de d\u00e9but<br \/>\n<span class=\"wpcf7-form-control-wrap\" data-name=\"starting-date\"><input class=\"wpcf7-form-control wpcf7-date wpcf7-validates-as-required wpcf7-validates-as-date\" aria-required=\"true\" aria-invalid=\"false\" value=\"\" type=\"date\" name=\"starting-date\" \/><\/span><br \/>\n<\/label>\n<\/p>\n<p><label> Nombre de semaines\u2028<br \/>\n<span class=\"wpcf7-form-control-wrap\" data-name=\"number-of-weeks\"><input class=\"wpcf7-form-control wpcf7-number wpcf7-validates-as-number\" min=\"1\" max=\"48\" aria-invalid=\"false\" value=\"1\" type=\"number\" name=\"number-of-weeks\" \/><\/span><br \/>\n<\/label>\n<\/p>\n<p><label>V\u00e9g\u00e9tarien(ne)<\/label><br \/>\n<span class=\"wpcf7-form-control-wrap\" data-name=\"vegetarian\"><span class=\"wpcf7-form-control wpcf7-checkbox wpcf7-exclusive-checkbox\"><span class=\"wpcf7-list-item first\"><label><input type=\"checkbox\" name=\"vegetarian\" value=\"Oui\" \/><span class=\"wpcf7-list-item-label\">Oui<\/span><\/label><\/span><span class=\"wpcf7-list-item last\"><label><input type=\"checkbox\" name=\"vegetarian\" value=\"Non\" \/><span class=\"wpcf7-list-item-label\">Non<\/span><\/label><\/span><\/span><\/span>\n<\/p>\n<p><label> Comment avez-vous d\u00e9couvert Volcano Spanish School?<br \/>\n<span class=\"wpcf7-form-control-wrap\" data-name=\"how-you-find-us\"><select class=\"wpcf7-form-control wpcf7-select\" aria-invalid=\"false\" name=\"how-you-find-us\"><option value=\"\">&#8212;Please choose an option&#8212;<\/option><option value=\"Je suis un ancien \u00e9tudiant\">Je suis un ancien \u00e9tudiant<\/option><option value=\"Par l&#039;interm\u00e9diaire d&#039;un ancien \u00e9l\u00e8ve\">Par l&#039;interm\u00e9diaire d&#039;un ancien \u00e9l\u00e8ve<\/option><option value=\"Google\">Google<\/option><option value=\"Social media\">Social media<\/option><option value=\"Autre\">Autre<\/option><\/select><\/span><br \/>\n<\/label>\n<\/p>\n<p><label>Je voyage:<\/label><br \/>\n<span class=\"wpcf7-form-control-wrap\" data-name=\"traveling\"><span class=\"wpcf7-form-control wpcf7-checkbox wpcf7-exclusive-checkbox\"><span class=\"wpcf7-list-item first\"><label><input type=\"checkbox\" name=\"traveling\" value=\"Seul(e)\" \/><span class=\"wpcf7-list-item-label\">Seul(e)<\/span><\/label><\/span><span class=\"wpcf7-list-item last\"><label><input type=\"checkbox\" name=\"traveling\" value=\"Avec une autre personne\" \/><span class=\"wpcf7-list-item-label\">Avec une autre personne<\/span><\/label><\/span><\/span><\/span>\n<\/p>\n<p><label>Avez-vous besoin d'un service de ramassage \u00e0 l'a\u00e9roport d'Arequipa?<\/label><br \/>\n<span class=\"wpcf7-form-control-wrap\" data-name=\"airport\"><span class=\"wpcf7-form-control wpcf7-checkbox\"><span class=\"wpcf7-list-item first\"><label><input type=\"checkbox\" name=\"airport[]\" value=\"Non\" checked=\"checked\" \/><span class=\"wpcf7-list-item-label\">Non<\/span><\/label><\/span><span class=\"wpcf7-list-item last\"><label><input type=\"checkbox\" name=\"airport[]\" value=\"Oui\" \/><span class=\"wpcf7-list-item-label\">Oui<\/span><\/label><\/span><\/span><\/span>\n<\/p>\n<p><input class=\"wpcf7-form-control has-spinner wpcf7-submit\" type=\"submit\" value=\"Soumettre\" \/>\n<\/p><div class=\"wpcf7-response-output\" aria-hidden=\"true\"><\/div>\n<\/form>\n<\/div>\n\n","protected":false},"excerpt":{"rendered":"","protected":false},"author":2,"featured_media":0,"parent":0,"menu_order":0,"comment_status":"closed","ping_status":"closed","template":"","meta":{"_themeisle_gutenberg_block_has_review":false,"_ti_tpc_template_sync":false,"_ti_tpc_template_id":"","footnotes":""},"class_list":["post-2881","page","type-page","status-publish","hentry"],"yoast_head":"<!-- This site is optimized with the Yoast SEO plugin v24.5 - https:\/\/yoast.com\/wordpress\/plugins\/seo\/ -->\n<title>Spanish lesson booking - Volcano Spanish School FR<\/title>\n<meta name=\"robots\" content=\"noindex, follow, max-snippet:-1, max-image-preview:large, max-video-preview:-1\" \/>\n<meta property=\"og:locale\" content=\"fr_FR\" \/>\n<meta property=\"og:type\" content=\"article\" \/>\n<meta property=\"og:title\" content=\"Spanish lesson booking - Volcano Spanish School FR\" \/>\n<meta property=\"og:url\" content=\"https:\/\/volcanospanishschool.com\/fr\/spanish-lesson-booking\/\" \/>\n<meta property=\"og:site_name\" content=\"Volcano Spanish School FR\" \/>\n<meta property=\"article:modified_time\" content=\"2023-08-30T14:52:02+00:00\" \/>\n<meta name=\"twitter:card\" content=\"summary_large_image\" \/>\n<script type=\"application\/ld+json\" class=\"yoast-schema-graph\">{\"@context\":\"https:\/\/schema.org\",\"@graph\":[{\"@type\":\"WebPage\",\"@id\":\"https:\/\/volcanospanishschool.com\/fr\/spanish-lesson-booking\/\",\"url\":\"https:\/\/volcanospanishschool.com\/fr\/spanish-lesson-booking\/\",\"name\":\"Spanish lesson booking - Volcano Spanish School FR\",\"isPartOf\":{\"@id\":\"https:\/\/volcanospanishschool.com\/fr\/#website\"},\"datePublished\":\"2023-05-07T16:09:17+00:00\",\"dateModified\":\"2023-08-30T14:52:02+00:00\",\"breadcrumb\":{\"@id\":\"https:\/\/volcanospanishschool.com\/fr\/spanish-lesson-booking\/#breadcrumb\"},\"inLanguage\":\"fr-FR\",\"potentialAction\":[{\"@type\":\"ReadAction\",\"target\":[\"https:\/\/volcanospanishschool.com\/fr\/spanish-lesson-booking\/\"]}]},{\"@type\":\"BreadcrumbList\",\"@id\":\"https:\/\/volcanospanishschool.com\/fr\/spanish-lesson-booking\/#breadcrumb\",\"itemListElement\":[{\"@type\":\"ListItem\",\"position\":1,\"name\":\"Home\",\"item\":\"https:\/\/volcanospanishschool.com\/fr\/\"},{\"@type\":\"ListItem\",\"position\":2,\"name\":\"Spanish lesson booking\"}]},{\"@type\":\"WebSite\",\"@id\":\"https:\/\/volcanospanishschool.com\/fr\/#website\",\"url\":\"https:\/\/volcanospanishschool.com\/fr\/\",\"name\":\"Volcano Spanish School FR\",\"description\":\"Volcano Spanish School, speak spanish, learn spanish, spanish lessons, Peru\",\"publisher\":{\"@id\":\"https:\/\/volcanospanishschool.com\/fr\/#organization\"},\"potentialAction\":[{\"@type\":\"SearchAction\",\"target\":{\"@type\":\"EntryPoint\",\"urlTemplate\":\"https:\/\/volcanospanishschool.com\/fr\/?s={search_term_string}\"},\"query-input\":{\"@type\":\"PropertyValueSpecification\",\"valueRequired\":true,\"valueName\":\"search_term_string\"}}],\"inLanguage\":\"fr-FR\"},{\"@type\":\"Organization\",\"@id\":\"https:\/\/volcanospanishschool.com\/fr\/#organization\",\"name\":\"Volcano Spanish School FR\",\"url\":\"https:\/\/volcanospanishschool.com\/fr\/\",\"logo\":{\"@type\":\"ImageObject\",\"inLanguage\":\"fr-FR\",\"@id\":\"https:\/\/volcanospanishschool.com\/fr\/#\/schema\/logo\/image\/\",\"url\":\"https:\/\/volcanospanishschool.com\/fr\/wp-content\/uploads\/sites\/6\/2018\/11\/cropped-cropped-volcano_spanish_school_logo_color.jpg\",\"contentUrl\":\"https:\/\/volcanospanishschool.com\/fr\/wp-content\/uploads\/sites\/6\/2018\/11\/cropped-cropped-volcano_spanish_school_logo_color.jpg\",\"width\":1919,\"height\":415,\"caption\":\"Volcano Spanish School FR\"},\"image\":{\"@id\":\"https:\/\/volcanospanishschool.com\/fr\/#\/schema\/logo\/image\/\"}}]}<\/script>\n<!-- \/ Yoast SEO plugin. -->","yoast_head_json":{"title":"Spanish lesson booking - Volcano Spanish School FR","robots":{"index":"noindex","follow":"follow","max-snippet":"max-snippet:-1","max-image-preview":"max-image-preview:large","max-video-preview":"max-video-preview:-1"},"og_locale":"fr_FR","og_type":"article","og_title":"Spanish lesson booking - Volcano Spanish School FR","og_url":"https:\/\/volcanospanishschool.com\/fr\/spanish-lesson-booking\/","og_site_name":"Volcano Spanish School FR","article_modified_time":"2023-08-30T14:52:02+00:00","twitter_card":"summary_large_image","schema":{"@context":"https:\/\/schema.org","@graph":[{"@type":"WebPage","@id":"https:\/\/volcanospanishschool.com\/fr\/spanish-lesson-booking\/","url":"https:\/\/volcanospanishschool.com\/fr\/spanish-lesson-booking\/","name":"Spanish lesson booking - Volcano Spanish School FR","isPartOf":{"@id":"https:\/\/volcanospanishschool.com\/fr\/#website"},"datePublished":"2023-05-07T16:09:17+00:00","dateModified":"2023-08-30T14:52:02+00:00","breadcrumb":{"@id":"https:\/\/volcanospanishschool.com\/fr\/spanish-lesson-booking\/#breadcrumb"},"inLanguage":"fr-FR","potentialAction":[{"@type":"ReadAction","target":["https:\/\/volcanospanishschool.com\/fr\/spanish-lesson-booking\/"]}]},{"@type":"BreadcrumbList","@id":"https:\/\/volcanospanishschool.com\/fr\/spanish-lesson-booking\/#breadcrumb","itemListElement":[{"@type":"ListItem","position":1,"name":"Home","item":"https:\/\/volcanospanishschool.com\/fr\/"},{"@type":"ListItem","position":2,"name":"Spanish lesson booking"}]},{"@type":"WebSite","@id":"https:\/\/volcanospanishschool.com\/fr\/#website","url":"https:\/\/volcanospanishschool.com\/fr\/","name":"Volcano Spanish School FR","description":"Volcano Spanish School, speak spanish, learn spanish, spanish lessons, Peru","publisher":{"@id":"https:\/\/volcanospanishschool.com\/fr\/#organization"},"potentialAction":[{"@type":"SearchAction","target":{"@type":"EntryPoint","urlTemplate":"https:\/\/volcanospanishschool.com\/fr\/?s={search_term_string}"},"query-input":{"@type":"PropertyValueSpecification","valueRequired":true,"valueName":"search_term_string"}}],"inLanguage":"fr-FR"},{"@type":"Organization","@id":"https:\/\/volcanospanishschool.com\/fr\/#organization","name":"Volcano Spanish School FR","url":"https:\/\/volcanospanishschool.com\/fr\/","logo":{"@type":"ImageObject","inLanguage":"fr-FR","@id":"https:\/\/volcanospanishschool.com\/fr\/#\/schema\/logo\/image\/","url":"https:\/\/volcanospanishschool.com\/fr\/wp-content\/uploads\/sites\/6\/2018\/11\/cropped-cropped-volcano_spanish_school_logo_color.jpg","contentUrl":"https:\/\/volcanospanishschool.com\/fr\/wp-content\/uploads\/sites\/6\/2018\/11\/cropped-cropped-volcano_spanish_school_logo_color.jpg","width":1919,"height":415,"caption":"Volcano Spanish School FR"},"image":{"@id":"https:\/\/volcanospanishschool.com\/fr\/#\/schema\/logo\/image\/"}}]}},"_links":{"self":[{"href":"https:\/\/volcanospanishschool.com\/fr\/wp-json\/wp\/v2\/pages\/2881","targetHints":{"allow":["GET"]}}],"collection":[{"href":"https:\/\/volcanospanishschool.com\/fr\/wp-json\/wp\/v2\/pages"}],"about":[{"href":"https:\/\/volcanospanishschool.com\/fr\/wp-json\/wp\/v2\/types\/page"}],"author":[{"embeddable":true,"href":"https:\/\/volcanospanishschool.com\/fr\/wp-json\/wp\/v2\/users\/2"}],"replies":[{"embeddable":true,"href":"https:\/\/volcanospanishschool.com\/fr\/wp-json\/wp\/v2\/comments?post=2881"}],"version-history":[{"count":11,"href":"https:\/\/volcanospanishschool.com\/fr\/wp-json\/wp\/v2\/pages\/2881\/revisions"}],"predecessor-version":[{"id":2892,"href":"https:\/\/volcanospanishschool.com\/fr\/wp-json\/wp\/v2\/pages\/2881\/revisions\/2892"}],"wp:attachment":[{"href":"https:\/\/volcanospanishschool.com\/fr\/wp-json\/wp\/v2\/media?parent=2881"}],"curies":[{"name":"wp","href":"https:\/\/api.w.org\/{rel}","templated":true}]}}